{"id":375,"date":"2024-11-10T20:12:24","date_gmt":"2024-11-10T20:12:24","guid":{"rendered":"https:\/\/carablancaboots.com\/?page_id=375"},"modified":"2024-12-22T20:13:07","modified_gmt":"2024-12-22T20:13:07","slug":"375-2","status":"publish","type":"page","link":"https:\/\/carablancaboots.com\/eng\/375-2\/","title":{"rendered":"About Us"},"content":{"rendered":"<p>[et_pb_section fb_built=&#8221;1&#8243; specialty=&#8221;on&#8221; bg_img_1=&#8221;https:\/\/carablancaboots.com\/wp-content\/uploads\/2024\/11\/2.jpg&#8221; background_size_1=&#8221;custom&#8221; background_position_1=&#8221;bottom_center&#8221; background_vertical_offset_1=&#8221;-5%&#8221; padding_bottom_1=&#8221;0px&#8221; padding_top_bottom_link_1=&#8221;false&#8221; padding_left_right_link_1=&#8221;false&#8221; _builder_version=&#8221;4.27.3&#8243; _module_preset=&#8221;default&#8221; background_color=&#8221;#FFFFFF&#8221; use_background_color_gradient=&#8221;on&#8221; background_color_gradient_direction=&#8221;91deg&#8221; background_color_gradient_stops=&#8221;rgba(73,0,39,0) 0%|rgba(10,6,0,0.19) 99%&#8221; background_color_gradient_overlays_image=&#8221;on&#8221; background_image=&#8221;https:\/\/carablancaboots.com\/wp-content\/uploads\/2024\/11\/4.jpg&#8221; parallax=&#8221;on&#8221; custom_padding=&#8221;||0px||false|false&#8221; global_colors_info=&#8221;{}&#8221;][et_pb_column type=&#8221;1_2&#8243; _builder_version=&#8221;4.16&#8243; custom_padding=&#8221;|||&#8221; global_colors_info=&#8221;{}&#8221; custom_padding__hover=&#8221;|||&#8221;][\/et_pb_column][et_pb_column type=&#8221;1_2&#8243; specialty_columns=&#8221;2&#8243; _builder_version=&#8221;4.16&#8243; custom_padding=&#8221;|||&#8221; global_colors_info=&#8221;{}&#8221; custom_padding__hover=&#8221;|||&#8221;][et_pb_row_inner _builder_version=&#8221;4.27.3&#8243; _module_preset=&#8221;default&#8221; custom_margin=&#8221;0px||0px||false|false&#8221; custom_padding=&#8221;116px|0px|30px||false|false&#8221; global_colors_info=&#8221;{}&#8221;][et_pb_column_inner saved_specialty_column_type=&#8221;1_2&#8243; _builder_version=&#8221;4.27.3&#8243; _module_preset=&#8221;default&#8221; global_colors_info=&#8221;{}&#8221;][et_pb_text admin_label=&#8221;Text&#8221; _builder_version=&#8221;4.27.3&#8243; _module_preset=&#8221;default&#8221; text_font=&#8221;Inter|700|||||||&#8221; text_text_color=&#8221;#FFFFFF&#8221; header_font=&#8221;Inter|700|||||||&#8221; header_2_font=&#8221;Kameron|700|||||||&#8221; header_2_text_color=&#8221;#f4eed9&#8243; header_2_font_size=&#8221;83px&#8221; header_2_font_size_tablet=&#8221;83px&#8221; header_2_font_size_phone=&#8221;50px&#8221; header_2_font_size_last_edited=&#8221;on|phone&#8221; text_text_shadow_style=&#8221;preset1&#8243; text_text_shadow_vertical_length=&#8221;0.19em&#8221; text_text_shadow_color=&#8221;rgba(0,0,0,0.12)&#8221; header_2_text_shadow_style=&#8221;preset4&#8243; header_2_text_shadow_blur_strength=&#8221;0.13em&#8221; header_2_text_shadow_color=&#8221;rgba(0,0,0,0.18)&#8221; global_colors_info=&#8221;{}&#8221;]<\/p>\n<h2 style=\"text-align: center;\">NOSOTROS<\/h2>\n<p>[\/et_pb_text][\/et_pb_column_inner][\/et_pb_row_inner][et_pb_row_inner _builder_version=&#8221;4.27.3&#8243; _module_preset=&#8221;default&#8221; width=&#8221;100%&#8221; custom_padding=&#8221;82px||151px||false|false&#8221; global_colors_info=&#8221;{}&#8221;][et_pb_column_inner saved_specialty_column_type=&#8221;1_2&#8243; _builder_version=&#8221;4.27.3&#8243; _module_preset=&#8221;default&#8221; global_colors_info=&#8221;{}&#8221;][et_pb_text _builder_version=&#8221;4.27.3&#8243; _module_preset=&#8221;default&#8221; text_font=&#8221;Kameron|700|||||||&#8221; header_font=&#8221;Inter|700|||||||&#8221; header_2_font=&#8221;Kameron||||||||&#8221; header_2_text_color=&#8221;#f4e5cd&#8221; header_2_font_size=&#8221;28px&#8221; width=&#8221;100%&#8221; max_width=&#8221;100%&#8221; module_alignment=&#8221;center&#8221; min_height=&#8221;100px&#8221; height=&#8221;157px&#8221; max_height=&#8221;100px&#8221; custom_margin=&#8221;-64px||||false|false&#8221; header_2_font_size_tablet=&#8221;28px&#8221; header_2_font_size_phone=&#8221;22px&#8221; header_2_font_size_last_edited=&#8221;on|phone&#8221; global_colors_info=&#8221;{}&#8221;]<\/p>\n<h2 style=\"text-align: center;\">Bienvenidos a Cara Blanca, donde cada paso lleva consigo una historia.<\/h2>\n<p>[\/et_pb_text][\/et_pb_column_inner][\/et_pb_row_inner][\/et_pb_column][\/et_pb_section][et_pb_section fb_built=&#8221;1&#8243; admin_label=&#8221;Welcome Note&#8221; module_class=&#8221;historia&#8221; _builder_version=&#8221;4.27.3&#8243; _module_preset=&#8221;default&#8221; background_color=&#8221;#eee8e2&#8243; background_enable_image=&#8221;off&#8221; background_size=&#8221;contain&#8221; background_repeat=&#8221;repeat-x&#8221; background_enable_mask_style=&#8221;on&#8221; background_mask_style=&#8221;caret&#8221; background_mask_size=&#8221;cover&#8221; background_mask_position=&#8221;top_right&#8221; collapsed=&#8221;on&#8221; global_colors_info=&#8221;{%22gcid-dff4ba02-9a0c-4676-a314-23e51ad584fe%22:%91%22background_color_gradient_stops%22%93}&#8221;][et_pb_row column_structure=&#8221;2_5,3_5&#8243; _builder_version=&#8221;4.27.3&#8243; _module_preset=&#8221;default&#8221; global_colors_info=&#8221;{}&#8221;][et_pb_column type=&#8221;2_5&#8243; _builder_version=&#8221;4.27.3&#8243; _module_preset=&#8221;default&#8221; global_colors_info=&#8221;{}&#8221;][et_pb_text _builder_version=&#8221;4.27.3&#8243; _module_preset=&#8221;6d70529d-87c7-4de2-bdea-07f6788e0822&#8243; text_font=&#8221;|700|||||||&#8221; header_font=&#8221;Kameron|600||on|||||&#8221; header_text_align=&#8221;left&#8221; header_text_color=&#8221;#b56c00&#8243; header_font_size=&#8221;38px&#8221; header_4_text_color=&#8221;#FFFFFF&#8221; text_orientation=&#8221;center&#8221; header_text_align_tablet=&#8221;center&#8221; header_text_align_phone=&#8221;center&#8221; header_text_align_last_edited=&#8221;on|tablet&#8221; header_font_size_tablet=&#8221;48px&#8221; header_font_size_phone=&#8221;28px&#8221; header_font_size_last_edited=&#8221;on|tablet&#8221; text_orientation_tablet=&#8221;center&#8221; text_orientation_phone=&#8221;center&#8221; text_orientation_last_edited=&#8221;on|tablet&#8221; locked=&#8221;off&#8221; global_colors_info=&#8221;{}&#8221;]<\/p>\n<h1>Nuestra Historia<\/h1>\n<p>[\/et_pb_text][et_pb_image src=&#8221;https:\/\/carablancaboots.com\/wp-content\/uploads\/2024\/12\/foto-nuestra-historia_02.jpg&#8221; title_text=&#8221;foto nuestra historia_02&#8243; align_tablet=&#8221;center&#8221; align_phone=&#8221;center&#8221; align_last_edited=&#8221;on|tablet&#8221; _builder_version=&#8221;4.27.3&#8243; _module_preset=&#8221;default&#8221; width_tablet=&#8221;77%&#8221; width_phone=&#8221;80%&#8221; width_last_edited=&#8221;on|phone&#8221; border_radii=&#8221;on|20px|20px|20px|20px&#8221; global_colors_info=&#8221;{}&#8221;][\/et_pb_image][\/et_pb_column][et_pb_column type=&#8221;3_5&#8243; _builder_version=&#8221;4.27.3&#8243; _module_preset=&#8221;default&#8221; global_colors_info=&#8221;{}&#8221;][et_pb_text _builder_version=&#8221;4.27.3&#8243; _module_preset=&#8221;836d40bd-f529-469c-bd6b-7bc9a7238717&#8243; text_text_color=&#8221;#3f1f00&#8243; text_font_size=&#8221;14px&#8221; custom_padding=&#8221;11px|35px|8px|14px|false|false&#8221; locked=&#8221;off&#8221; global_colors_info=&#8221;{}&#8221;]<\/p>\n<p style=\"text-align: justify;\">Nuestra historia nace del coraz\u00f3n de La Encinoza, el rancho de Don Guillermo, cuya pasi\u00f3n por la vida vaquera y el respeto por la tradici\u00f3n sigue viva en cada uno de nuestros productos. Inspirados en su legado de valent\u00eda, hemos creado una l\u00ednea de botas que no solo calzan tus pies, sino que conectan con tu legado. Cara Blanca es m\u00e1s que una marca, es un tributo a nuestras ra\u00edces. Tomamos nuestro nombre del robusto ganado \u201cCara Blanca\u201d, s\u00edmbolo de fortaleza y distinci\u00f3n, que pastaba en los campos de La Encinoza, en la Sierra de Chihuahua.<\/p>\n<p style=\"text-align: justify;\">En Cara Blanca, creemos que cada persona lleva una historia, un legado. Nuestros productos est\u00e1n hechos para acompa\u00f1arte en tu viaje, con la fortaleza y elegancia que define el estilo vaquero. Te invitamos a unirte a a nuestra familia y sentir la diferencia en cada paso.<\/p>\n<p>[\/et_pb_text][et_pb_image src=&#8221;https:\/\/carablancaboots.com\/wp-content\/uploads\/2024\/11\/01-logos-brown.png&#8221; title_text=&#8221;01-logos-brown&#8221; align=&#8221;center&#8221; _builder_version=&#8221;4.27.3&#8243; _module_preset=&#8221;default&#8221; width=&#8221;41%&#8221; width_tablet=&#8221;41%&#8221; width_phone=&#8221;71%&#8221; width_last_edited=&#8221;on|phone&#8221; global_colors_info=&#8221;{}&#8221;][\/et_pb_image][et_pb_text _builder_version=&#8221;4.27.3&#8243; _module_preset=&#8221;default&#8221; text_font=&#8221;Kameron|700|on||||||&#8221; text_text_color=&#8221;#b56c00&#8243; text_font_size=&#8221;22px&#8221; text_letter_spacing=&#8221;1px&#8221; text_orientation=&#8221;center&#8221; global_colors_info=&#8221;{}&#8221;]<\/p>\n<p>Aqu\u00ed, <em>tu legado esta presente en cada paso.<\/em><\/p>\n<p>[\/et_pb_text][\/et_pb_column][\/et_pb_row][\/et_pb_section][et_pb_section fb_built=&#8221;1&#8243; _builder_version=&#8221;4.27.3&#8243; _module_preset=&#8221;default&#8221; background_color=&#8221;#1e1100&#8243; use_background_color_gradient=&#8221;on&#8221; background_color_gradient_type=&#8221;elliptical&#8221; background_color_gradient_stops=&#8221;#0a0400 5%|rgba(30,16,0,0.53) 100%&#8221; background_color_gradient_overlays_image=&#8221;on&#8221; background_image=&#8221;https:\/\/carablancaboots.com\/wp-content\/uploads\/2024\/10\/wood-patttern-1.jpeg&#8221; background_size=&#8221;custom&#8221; background_image_width=&#8221;100%&#8221; background_image_height=&#8221;0%&#8221; background_position=&#8221;top_center&#8221; global_colors_info=&#8221;{}&#8221;][et_pb_row _builder_version=&#8221;4.27.3&#8243; _module_preset=&#8221;default&#8221; background_color=&#8221;rgba(255,255,255,0.09)&#8221; custom_padding=&#8221;26px|35px||35px|false|false&#8221; border_radii=&#8221;on|16px|16px|16px|16px&#8221; global_colors_info=&#8221;{}&#8221;][et_pb_column type=&#8221;4_4&#8243; _builder_version=&#8221;4.27.3&#8243; _module_preset=&#8221;default&#8221; global_colors_info=&#8221;{}&#8221;][et_pb_text _builder_version=&#8221;4.27.3&#8243; _module_preset=&#8221;default&#8221; text_font=&#8221;Inter||||||||&#8221; text_text_color=&#8221;#FFFFFF&#8221; text_font_size=&#8221;22px&#8221; text_orientation=&#8221;center&#8221; global_colors_info=&#8221;{}&#8221;]<\/p>\n<p>Nuestras botas son una combinaci\u00f3n perfecta de tradici\u00f3n y calidad artesanal.<\/p>\n<p>[\/et_pb_text][et_pb_text _builder_version=&#8221;4.27.3&#8243; _module_preset=&#8221;default&#8221; text_font=&#8221;Inter||||||||&#8221; text_text_color=&#8221;#FFFFFF&#8221; text_orientation=&#8221;center&#8221; global_colors_info=&#8221;{}&#8221;]<\/p>\n<p>Cada par es cuidadosamente elaborado a mano por artesanos expertos, utilizando solo los mejores materiales para garantizar comodidad, durabilidad y estilo \u00fanico. Son mucho m\u00e1s que un calzado; son una extensi\u00f3n de tu persona, creadas para quienes buscan algo autentico en su d\u00eda a d\u00eda.<\/p>\n<p>[\/et_pb_text][\/et_pb_column][\/et_pb_row][\/et_pb_section][et_pb_section fb_built=&#8221;1&#8243; make_equal=&#8221;on&#8221; use_custom_gutter=&#8221;on&#8221; gutter_width=&#8221;2&#8243; specialty=&#8221;on&#8221; bg_img_2=&#8221;https:\/\/carablancaboots.com\/wp-content\/uploads\/2024\/10\/botita3.png&#8221; custom_css_main_2=&#8221;border-radius: 20px;&#8221; admin_label=&#8221;Features&#8221; module_class=&#8221;mision&#8221; _builder_version=&#8221;4.27.3&#8243; _module_preset=&#8221;default&#8221; background_color=&#8221;gcid-1ceede91-71be-464b-930c-ee204c722893&#8243; background_image=&#8221;https:\/\/carablancaboots.com\/wp-content\/uploads\/2024\/10\/gris-fondo.jpg&#8221; background_size=&#8221;contain&#8221; background_position=&#8221;top_left&#8221; background_repeat=&#8221;repeat-x&#8221; background_last_edited=&#8221;on|tablet&#8221; background_vertical_offset_tablet=&#8221;-4%&#8221; collapsed=&#8221;on&#8221; global_colors_info=&#8221;{%22gcid-1ceede91-71be-464b-930c-ee204c722893%22:%91%22background_color%22%93}&#8221;][et_pb_column type=&#8221;2_3&#8243; specialty_columns=&#8221;2&#8243; _builder_version=&#8221;4.16&#8243; _module_preset=&#8221;default&#8221; custom_padding=&#8221;|||&#8221; global_colors_info=&#8221;{}&#8221; custom_padding__hover=&#8221;|||&#8221;][et_pb_row_inner custom_padding_last_edited=&#8221;on|desktop&#8221; _builder_version=&#8221;4.27.3&#8243; _module_preset=&#8221;default&#8221; background_color=&#8221;gcid-548fb57b-7f71-4655-917e-d415139bc46f&#8221; custom_padding=&#8221;40px|40px|0px|40px|false|true&#8221; custom_padding_tablet=&#8221;30px|30px||30px|false|true&#8221; custom_padding_phone=&#8221;20px|20px||20px|false|true&#8221; border_radii=&#8221;off|20px|20px||&#8221; global_colors_info=&#8221;{%22gcid-548fb57b-7f71-4655-917e-d415139bc46f%22:%91%22background_color%22%93}&#8221;][et_pb_column_inner saved_specialty_column_type=&#8221;2_3&#8243; _builder_version=&#8221;4.22.0&#8243; _module_preset=&#8221;default&#8221; global_colors_info=&#8221;{}&#8221;][et_pb_text _builder_version=&#8221;4.27.3&#8243; _module_preset=&#8221;55eea4b0-7174-4e88-8d75-970c989d274f&#8221; header_text_color=&#8221;#FFFFFF&#8221; header_2_font=&#8221;Kameron|700||on|||||&#8221; header_2_text_align=&#8221;center&#8221; header_2_text_color=&#8221;gcid-1ceede91-71be-464b-930c-ee204c722893&#8243; header_2_font_size=&#8221;47px&#8221; global_colors_info=&#8221;{%22gcid-1ceede91-71be-464b-930c-ee204c722893%22:%91%22header_2_text_color%22%93}&#8221;]<\/p>\n<h2>Visi\u00f3n y Misi\u00f3n<\/h2>\n<p>[\/et_pb_text][et_pb_divider color=&#8221;#000000&#8243; _builder_version=&#8221;4.22.0&#8243; _module_preset=&#8221;default&#8221; global_colors_info=&#8221;{}&#8221;][\/et_pb_divider][\/et_pb_column_inner][\/et_pb_row_inner][et_pb_row_inner column_structure=&#8221;1_2,1_2&#8243; custom_padding_last_edited=&#8221;on|desktop&#8221; _builder_version=&#8221;4.27.2&#8243; _module_preset=&#8221;default&#8221; background_color=&#8221;gcid-1ceede91-71be-464b-930c-ee204c722893&#8243; custom_padding=&#8221;|40px|40px|40px|false|true&#8221; custom_padding_tablet=&#8221;|30px|30px|30px|false|true&#8221; custom_padding_phone=&#8221;|20px|20px|20px|false|true&#8221; border_radii=&#8221;off|||20px|20px&#8221; global_colors_info=&#8221;{%22gcid-1ceede91-71be-464b-930c-ee204c722893%22:%91%22background_color%22%93}&#8221;][et_pb_column_inner type=&#8221;1_2&#8243; saved_specialty_column_type=&#8221;2_3&#8243; _builder_version=&#8221;4.22.0&#8243; _module_preset=&#8221;default&#8221; global_colors_info=&#8221;{}&#8221;][et_pb_text _builder_version=&#8221;4.27.3&#8243; _module_preset=&#8221;84cef357-5aff-4300-b89e-5ea7bba4f4db&#8221; text_font=&#8221;Kameron||||||||&#8221; header_5_font=&#8221;Kameron||||||||&#8221; header_5_text_color=&#8221;#b56c00&#8243; custom_margin=&#8221;||0px||false|false&#8221; text_font_size_tablet=&#8221;&#8221; text_font_size_phone=&#8221;&#8221; text_font_size_last_edited=&#8221;on|tablet&#8221; header_font_size_tablet=&#8221;&#8221; header_font_size_phone=&#8221;&#8221; header_font_size_last_edited=&#8221;on|tablet&#8221; header_5_font_size_tablet=&#8221;30px&#8221; header_5_font_size_phone=&#8221;30px&#8221; header_5_font_size_last_edited=&#8221;on|tablet&#8221; global_colors_info=&#8221;{}&#8221;]<\/p>\n<h5>VISI\u00d3N<\/h5>\n<p>[\/et_pb_text][et_pb_text _builder_version=&#8221;4.27.3&#8243; _module_preset=&#8221;efe7d870-c7f0-4164-ad02-5856e281167c&#8221; text_font=&#8221;Kameron||||||||&#8221; text_text_color=&#8221;gcid-28366106-ecf8-496b-97f0-6a9be6882356&#8243; text_font_size=&#8221;15px&#8221; global_colors_info=&#8221;{%22gcid-28366106-ecf8-496b-97f0-6a9be6882356%22:%91%22text_text_color%22%93}&#8221;]<\/p>\n<p style=\"text-align: justify;\">Ser la marca l\u00edder de botas vaqueras en el mercado, reconocida por su compromiso con la calidad artesanal, el respeto por la tradici\u00f3n y la conexi\u00f3n con nuestras ra\u00edces. Nos inspiramos en la idea de que cada paso cuenta una historia \u00fanica, reflejando la personalidad, el car\u00e1cter y el esp\u00edritu de quien las usa. Asumimos la responsabilidad de crear botas que est\u00e9n a la altura de esa historia, poniendo todo nuestro esfuerzo en la calidad, la artesan\u00eda y el dise\u00f1o. Queremos que Cara Blanca sea sin\u00f3nimo de autenticidad, estilo y orgullo cultural, alcanzando una presencia global mientras seguimos honrando el legado vaquero que inspira cada par de botas.<\/p>\n<p>[\/et_pb_text][\/et_pb_column_inner][et_pb_column_inner type=&#8221;1_2&#8243; saved_specialty_column_type=&#8221;2_3&#8243; _builder_version=&#8221;4.22.0&#8243; _module_preset=&#8221;default&#8221; global_colors_info=&#8221;{}&#8221;][et_pb_text _builder_version=&#8221;4.27.3&#8243; _module_preset=&#8221;84cef357-5aff-4300-b89e-5ea7bba4f4db&#8221; header_5_font=&#8221;Kameron||||||||&#8221; header_5_text_color=&#8221;#b56c00&#8243; custom_margin=&#8221;||0px||false|false&#8221; header_5_font_size_tablet=&#8221;30px&#8221; header_5_font_size_phone=&#8221;30px&#8221; global_colors_info=&#8221;{}&#8221;]<\/p>\n<h5>MISI\u00d3N<\/h5>\n<p>[\/et_pb_text][et_pb_text _builder_version=&#8221;4.27.3&#8243; _module_preset=&#8221;efe7d870-c7f0-4164-ad02-5856e281167c&#8221; text_font=&#8221;Kameron||||||||&#8221; text_text_color=&#8221;gcid-28366106-ecf8-496b-97f0-6a9be6882356&#8243; text_font_size=&#8221;15px&#8221; global_colors_info=&#8221;{%22gcid-28366106-ecf8-496b-97f0-6a9be6882356%22:%91%22text_text_color%22%93}&#8221;]<\/p>\n<p style=\"text-align: justify;\">Nuestra misi\u00f3n es crear botas vaqueras de alta calidad que reflejen el car\u00e1cter fuerte, \u00fanico y aut\u00e9ntico de quienes las usan. A trav\u00e9s de la producci\u00f3n artesanal, nos comprometemos a ofrecer productos que combinen tradici\u00f3n, innovaci\u00f3n y durabilidad.<\/p>\n<p style=\"text-align: justify;\">Queremos no solo calzar a nuestros clientes, sino tambi\u00e9n conectarlos con su historia, su cultura y sus ra\u00edces, mientras construimos una comunidad fiel y orgullosa de lo que representa Cara Blanca.<\/p>\n<p>[\/et_pb_text][et_pb_image src=&#8221;https:\/\/carablancaboots.com\/wp-content\/uploads\/2024\/10\/herradura.png&#8221; title_text=&#8221;herradura&#8221; align=&#8221;center&#8221; _builder_version=&#8221;4.27.3&#8243; _module_preset=&#8221;default&#8221; width=&#8221;22%&#8221; width_tablet=&#8221;22%&#8221; width_phone=&#8221;22%&#8221; width_last_edited=&#8221;on|tablet&#8221; max_width=&#8221;24%&#8221; max_width_tablet=&#8221;15%&#8221; max_width_phone=&#8221;15%&#8221; max_width_last_edited=&#8221;on|tablet&#8221; global_colors_info=&#8221;{}&#8221;][\/et_pb_image][\/et_pb_column_inner][\/et_pb_row_inner][\/et_pb_column][et_pb_column type=&#8221;1_3&#8243; _builder_version=&#8221;4.16&#8243; _module_preset=&#8221;default&#8221; custom_padding=&#8221;|||&#8221; global_colors_info=&#8221;{}&#8221; custom_padding__hover=&#8221;|||&#8221;][et_pb_divider show_divider=&#8221;off&#8221; _builder_version=&#8221;4.27.3&#8243; _module_preset=&#8221;default&#8221; width_tablet=&#8221;&#8221; width_phone=&#8221;&#8221; width_last_edited=&#8221;on|tablet&#8221; max_width=&#8221;100%&#8221; min_height=&#8221;695px&#8221; min_height_tablet=&#8221;695px&#8221; min_height_phone=&#8221;385px&#8221; min_height_last_edited=&#8221;on|phone&#8221; height_tablet=&#8221;776px&#8221; height_phone=&#8221;40vw&#8221; height_last_edited=&#8221;on|desktop&#8221; max_height_tablet=&#8221;1000px&#8221; max_height_phone=&#8221;1000px&#8221; max_height_last_edited=&#8221;on|tablet&#8221; global_colors_info=&#8221;{}&#8221;][\/et_pb_divider][\/et_pb_column][\/et_pb_section][et_pb_section fb_built=&#8221;1&#8243; admin_label=&#8221;Footer&#8221; _builder_version=&#8221;4.27.3&#8243; _module_preset=&#8221;default&#8221; background_color=&#8221;gcid-33d52f2c-69e3-4b34-bf8c-3c4e90cf1340&#8243; hover_enabled=&#8221;0&#8243; global_module=&#8221;953&#8243; saved_tabs=&#8221;all&#8221; collapsed=&#8221;on&#8221; global_colors_info=&#8221;{%22gcid-33d52f2c-69e3-4b34-bf8c-3c4e90cf1340%22:%91%22background_color%22%93}&#8221; sticky_enabled=&#8221;0&#8243;][et_pb_row _builder_version=&#8221;4.22.0&#8243; _module_preset=&#8221;default&#8221; global_colors_info=&#8221;{}&#8221;][et_pb_column type=&#8221;4_4&#8243; _builder_version=&#8221;4.22.0&#8243; _module_preset=&#8221;default&#8221; global_colors_info=&#8221;{}&#8221;][et_pb_text _builder_version=&#8221;4.27.3&#8243; _module_preset=&#8221;59e09ae1-a5c7-454c-ab4e-0ea8f2b50724&#8243; header_3_text_color=&#8221;#FFFFFF&#8221; global_colors_info=&#8221;{}&#8221;]<\/p>\n<h3><a href=\"#\">cara blanca<\/a><\/h3>\n<p>[\/et_pb_text][\/et_pb_column][\/et_pb_row][et_pb_row column_structure=&#8221;1_4,1_4,1_4,1_4&#8243; admin_label=&#8221;Pie de pagina&#8221; _builder_version=&#8221;4.22.0&#8243; _module_preset=&#8221;default&#8221; global_colors_info=&#8221;{}&#8221;][et_pb_column type=&#8221;1_4&#8243; _builder_version=&#8221;4.22.0&#8243; _module_preset=&#8221;default&#8221; global_colors_info=&#8221;{}&#8221;][et_pb_text _builder_version=&#8221;4.27.3&#8243; _module_preset=&#8221;84cef357-5aff-4300-b89e-5ea7bba4f4db&#8221; header_5_text_color=&#8221;#FFFFFF&#8221; custom_margin=&#8221;||10px||false|false&#8221; global_colors_info=&#8221;{}&#8221;]<\/p>\n<h5>COMPANY<\/h5>\n<p>[\/et_pb_text][et_pb_text _builder_version=&#8221;4.27.3&#8243; _module_preset=&#8221;efe7d870-c7f0-4164-ad02-5856e281167c&#8221; text_text_color=&#8221;#FFFFFF&#8221; link_text_color=&#8221;#FFFFFF&#8221; custom_margin=&#8221;||10px||false|false&#8221; global_colors_info=&#8221;{}&#8221;]<\/p>\n<p><a href=\"#\">Inicio<\/a><\/p>\n<p><a href=\"https:\/\/carablancashop.com\/\">Shop online<\/a><\/p>\n<p>&nbsp;<\/p>\n<p>[\/et_pb_text][\/et_pb_column][et_pb_column type=&#8221;1_4&#8243; _builder_version=&#8221;4.22.0&#8243; _module_preset=&#8221;default&#8221; global_colors_info=&#8221;{}&#8221;][et_pb_text _builder_version=&#8221;4.27.3&#8243; _module_preset=&#8221;84cef357-5aff-4300-b89e-5ea7bba4f4db&#8221; header_5_text_color=&#8221;#FFFFFF&#8221; custom_margin=&#8221;||10px||false|false&#8221; global_colors_info=&#8221;{}&#8221;]<\/p>\n<h5>Brand<\/h5>\n<p>[\/et_pb_text][et_pb_text _builder_version=&#8221;4.27.3&#8243; _module_preset=&#8221;efe7d870-c7f0-4164-ad02-5856e281167c&#8221; text_text_color=&#8221;#FFFFFF&#8221; link_text_color=&#8221;#FFFFFF&#8221; custom_margin=&#8221;||10px||false|false&#8221; global_colors_info=&#8221;{}&#8221;]<\/p>\n<p><a href=\"https:\/\/carablancaboots.com\/eng\/375-2\/\" class=\"link link--text list-menu__item list-menu__item--link\">Nosotros<\/a><\/p>\n<p><a href=\"https:\/\/carablancashop.com\/pages\/contact\" class=\"link link--text list-menu__item list-menu__item--link\">Contacto<\/a><\/p>\n<p>[\/et_pb_text][\/et_pb_column][et_pb_column type=&#8221;1_4&#8243; _builder_version=&#8221;4.22.0&#8243; _module_preset=&#8221;default&#8221; global_colors_info=&#8221;{}&#8221;][et_pb_text _builder_version=&#8221;4.27.3&#8243; _module_preset=&#8221;84cef357-5aff-4300-b89e-5ea7bba4f4db&#8221; header_5_text_color=&#8221;#FFFFFF&#8221; custom_margin=&#8221;||10px||false|false&#8221; global_colors_info=&#8221;{}&#8221;]<\/p>\n<h5>SHOP<\/h5>\n<p>[\/et_pb_text][et_pb_text _builder_version=&#8221;4.27.3&#8243; _module_preset=&#8221;efe7d870-c7f0-4164-ad02-5856e281167c&#8221; text_text_color=&#8221;#FFFFFF&#8221; link_text_color=&#8221;#FFFFFF&#8221; custom_margin=&#8221;||10px||false|false&#8221; global_colors_info=&#8221;{}&#8221;]<\/p>\n<p><a href=\"https:\/\/carablancashop.com\/collections\/caballero\" class=\"link link--text list-menu__item list-menu__item--link\">Caballero<\/a><\/p>\n<p><a href=\"https:\/\/carablancashop.com\/collections\/dama\" class=\"link link--text list-menu__item list-menu__item--link\">Dama<\/a><\/p>\n<p><a href=\"https:\/\/carablancashop.com\/collections\/all\">Catalogo<\/a><\/p>\n<p>&nbsp;<\/p>\n<p>[\/et_pb_text][\/et_pb_column][et_pb_column type=&#8221;1_4&#8243; _builder_version=&#8221;4.22.0&#8243; _module_preset=&#8221;default&#8221; global_colors_info=&#8221;{}&#8221;][et_pb_text admin_label=&#8221;Text&#8221; _builder_version=&#8221;4.22.0&#8243; _module_preset=&#8221;84cef357-5aff-4300-b89e-5ea7bba4f4db&#8221; header_5_text_color=&#8221;#FFFFFF&#8221; custom_margin=&#8221;||10px||false|false&#8221; global_colors_info=&#8221;{}&#8221;]<\/p>\n<h5>Follow<\/h5>\n<p>[\/et_pb_text][et_pb_text admin_label=&#8221;Text&#8221; _builder_version=&#8221;4.27.3&#8243; _module_preset=&#8221;efe7d870-c7f0-4164-ad02-5856e281167c&#8221; text_text_color=&#8221;#FFFFFF&#8221; link_text_color=&#8221;#FFFFFF&#8221; custom_margin=&#8221;||10px||false|false&#8221; global_colors_info=&#8221;{}&#8221;]<a href=\"https:\/\/www.facebook.com\/people\/Cara-Blanca-Boots\/61565658126096\/ \">Facebook<\/a><\/p>\n<p>Instagram<\/p>\n<p>Twitter[\/et_pb_text][\/et_pb_column][\/et_pb_row][\/et_pb_section]<\/p>\n","protected":false},"excerpt":{"rendered":"<p>NOSOTROSBienvenidos a Cara Blanca, donde cada paso lleva consigo una historia.Nuestra HistoriaNuestra historia nace del coraz\u00f3n de La Encinoza, el rancho de Don Guillermo, cuya pasi\u00f3n por la vida vaquera y el respeto por la tradici\u00f3n sigue viva en cada uno de nuestros productos. Inspirados en su legado de valent\u00eda, hemos creado una l\u00ednea de [&hellip;]<\/p>\n","protected":false},"author":1,"featured_media":0,"parent":0,"menu_order":0,"comment_status":"closed","ping_status":"closed","template":"","meta":{"_et_pb_use_builder":"on","_et_pb_old_content":"","_et_gb_content_width":"","footnotes":""},"class_list":["post-375","page","type-page","status-publish","hentry"],"_links":{"self":[{"href":"https:\/\/carablancaboots.com\/eng\/wp-json\/wp\/v2\/pages\/375","targetHints":{"allow":["GET"]}}],"collection":[{"href":"https:\/\/carablancaboots.com\/eng\/wp-json\/wp\/v2\/pages"}],"about":[{"href":"https:\/\/carablancaboots.com\/eng\/wp-json\/wp\/v2\/types\/page"}],"author":[{"embeddable":true,"href":"https:\/\/carablancaboots.com\/eng\/wp-json\/wp\/v2\/users\/1"}],"replies":[{"embeddable":true,"href":"https:\/\/carablancaboots.com\/eng\/wp-json\/wp\/v2\/comments?post=375"}],"version-history":[{"count":28,"href":"https:\/\/carablancaboots.com\/eng\/wp-json\/wp\/v2\/pages\/375\/revisions"}],"predecessor-version":[{"id":956,"href":"https:\/\/carablancaboots.com\/eng\/wp-json\/wp\/v2\/pages\/375\/revisions\/956"}],"wp:attachment":[{"href":"https:\/\/carablancaboots.com\/eng\/wp-json\/wp\/v2\/media?parent=375"}],"curies":[{"name":"wp","href":"https:\/\/api.w.org\/{rel}","templated":true}]}}